{"id":2067,"date":"2016-04-07T07:42:39","date_gmt":"2016-04-07T10:42:39","guid":{"rendered":"http:\/\/motors-demo.loc\/dealer_two\/?page_id=2067"},"modified":"2023-08-14T18:52:28","modified_gmt":"2023-08-14T21:52:28","slug":"empresa","status":"publish","type":"page","link":"https:\/\/carlosruzzo.com.ar\/site\/empresa\/","title":{"rendered":"Empresa"},"content":{"rendered":"<p>[vc_row css=\u00bb.vc_custom_1605751097314{margin-top: 90px !important;margin-bottom: 41px !important;}\u00bb][vc_column width=\u00bb1\/2&#8243; el_class=\u00bbstm-col-pad-right\u00bb][vc_single_image image=\u00bb5044&#8243; img_size=\u00bbfull\u00bb alignment=\u00bbcenter\u00bb style=\u00bbvc_box_rounded\u00bb onclick=\u00bblink_image\u00bb stm_fancybox=\u00bbyes\u00bb css=\u00bb.vc_custom_1626366653463{margin-bottom: 35px !important;}\u00bb][\/vc_column][vc_column width=\u00bb1\/2&#8243; el_class=\u00bbstm-col-pad-left\u00bb][vc_column_text]<\/p>\n<h2 style=\"margin-bottom: 18px;\">CONOZCA <span style=\"color: #33338b;\">CARLOS RUZZO<\/span> AUTOMOTORES<\/h2>\n<p style=\"margin-bottom: 26px;\">Abriendo sus puertas al p\u00fablico en 1983, Carlos Ruzzo Automotores, ha brindado el servicio de venta y permuta de veh\u00edculos multimarca.<\/p>\n<p>En el a\u00f1o 1994 comienza a especializarse en la venta de Peugeot, importados directamente desde Francia, haciendo as\u00ed un reconocimiento con dicha marca en la ciudad de Rosario y sus alrededores.<\/p>\n<p>Entre los a\u00f1os 1997 y 2001 incorpora al mercado minibuses y unidades de la linea Kia Argentina.<\/p>\n<p>As\u00ed mismo, en 1998 es designado Consecionario Oficial Chevrolet, por General Motors Argentina, en la ciudad de Chascom\u00fas, Dolores y el partido de la costa (Bs.As). Esta empresa es desarrollada y llevada adelante por Carlos Ruzzo bajo el nombre Automotores Casa-Nova S.A. la cual alcanz\u00f3 los objetivos de penetraci\u00f3n comercial en la zona designada en tiempo reducido.<\/p>\n<p>Al d\u00eda de hoy la empresa Carlos Ruzzo Automotores ha renovado su imagen, abriendo nuevas \u00e1reas, siempre aportando la calidad, seriedad y responsabilidad como lo viene haciendo desde sus comienzos.[\/vc_column_text][\/vc_column][\/vc_row][vc_row full_width=\u00bbstretch_row_content\u00bb css=\u00bb.vc_custom_1626318056428{margin-bottom: 0px !important;background-position: center !important;background-repeat: no-repeat !important;background-size: cover !important;}\u00bb][vc_column][elfsight_instagram_feed id=\u00bb3&#8243;][\/vc_column][\/vc_row][vc_row full_width=\u00bbstretch_row\u00bb disable_element=\u00bbyes\u00bb css=\u00bb.vc_custom_1692049863605{margin-bottom: 0px !important;padding-top: 48px !important;padding-bottom: 60px !important;background-color: #bdc0c1 !important;}\u00bb][vc_column][stm_special_offers view_style=\u00bbstyle_2&#8243; title=\u00bbNUESTROS VEH\u00cdCULOS EN VENTA\u00bb][\/vc_column][\/vc_row]<\/p>\n","protected":false},"excerpt":{"rendered":"<p>[vc_row css=\u00bb.vc_custom_1605751097314{margin-top: 90px !important;margin-bottom: 41px !important;}\u00bb][vc_column width=\u00bb1\/2&#8243; el_class=\u00bbstm-col-pad-right\u00bb][vc_single_image image=\u00bb5044&#8243; img_size=\u00bbfull\u00bb alignment=\u00bbcenter\u00bb style=\u00bbvc_box_rounded\u00bb onclick=\u00bblink_image\u00bb stm_fancybox=\u00bbyes\u00bb css=\u00bb.vc_custom_1626366653463{margin-bottom: 35px !important;}\u00bb][\/vc_column][vc_column width=\u00bb1\/2&#8243; el_class=\u00bbstm-col-pad-left\u00bb][vc_column_text] CONOZCA CARLOS RUZZO AUTOMOTORES Abriendo sus puertas al p\u00fablico en 1983, Carlos Ruzzo Automotores, ha brindado el servicio de venta y permuta de veh\u00edculos multimarca. En el a\u00f1o 1994 comienza a especializarse en la venta de&#8230;<\/p>\n","protected":false},"author":2,"featured_media":0,"parent":0,"menu_order":0,"comment_status":"closed","ping_status":"closed","template":"","meta":{"footnotes":""},"class_list":["post-2067","page","type-page","status-publish","hentry"],"_links":{"self":[{"href":"https:\/\/carlosruzzo.com.ar\/site\/wp-json\/wp\/v2\/pages\/2067","targetHints":{"allow":["GET"]}}],"collection":[{"href":"https:\/\/carlosruzzo.com.ar\/site\/wp-json\/wp\/v2\/pages"}],"about":[{"href":"https:\/\/carlosruzzo.com.ar\/site\/wp-json\/wp\/v2\/types\/page"}],"author":[{"embeddable":true,"href":"https:\/\/carlosruzzo.com.ar\/site\/wp-json\/wp\/v2\/users\/2"}],"replies":[{"embeddable":true,"href":"https:\/\/carlosruzzo.com.ar\/site\/wp-json\/wp\/v2\/comments?post=2067"}],"version-history":[{"count":0,"href":"https:\/\/carlosruzzo.com.ar\/site\/wp-json\/wp\/v2\/pages\/2067\/revisions"}],"wp:attachment":[{"href":"https:\/\/carlosruzzo.com.ar\/site\/wp-json\/wp\/v2\/media?parent=2067"}],"curies":[{"name":"wp","href":"https:\/\/api.w.org\/{rel}","templated":true}]}}