{"id":4988,"date":"2021-07-15T00:14:04","date_gmt":"2021-07-15T03:14:04","guid":{"rendered":"https:\/\/carlosruzzo.com.ar\/site\/?page_id=4988"},"modified":"2025-12-04T10:44:45","modified_gmt":"2025-12-04T13:44:45","slug":"servicios","status":"publish","type":"page","link":"https:\/\/carlosruzzo.com.ar\/site\/servicios\/","title":{"rendered":"Servicios"},"content":{"rendered":"<p>[vc_row css=\u00bb.vc_custom_1626320241779{padding-bottom: 50px !important;}\u00bb][vc_column][vc_row_inner css=\u00bb.vc_custom_1626319895531{padding-bottom: 32px !important;}\u00bb][vc_column_inner][vc_single_image image=\u00bb5002&#8243; img_size=\u00bbfull\u00bb alignment=\u00bbcenter\u00bb style=\u00bbvc_box_rounded\u00bb][\/vc_column_inner][\/vc_row_inner][vc_row_inner css=\u00bb.vc_custom_1626319905025{padding-bottom: 32px !important;}\u00bb][vc_column_inner width=\u00bb1\/2&#8243;][vc_column_text]<\/p>\n<h4>Asesor\u00eda en Seguros<\/h4>\n<p>Usted obtendr\u00e1 el mejor asesoramiento en materia de Seguro Automotor. Podr\u00e1 elegir entre diferentes cotizaciones y obtener la mejor relaci\u00f3n posible entre Calidad y Precio.<br \/>\nNuestros seguros automotores es la mejor forma de sentirse cubierto ante cualquier contingencia. Le presentamos las mejores variantes que combinan el seguro obligatorio de responsabilidad civil con la m\u00e1s amplia gama de coberturas.<\/p>\n<p>&#8211; Robo, hurto e incendio total y parcial.<br \/>\n&#8211; Bonificaci\u00f3n por buen resultado.<br \/>\n&#8211; Da\u00f1os totales y parciales por accidente.<br \/>\n&#8211; Asistencia al veh\u00edculo.<br \/>\n&#8211; Sistema CLEAS de compensaci\u00f3n de siniestros.<br \/>\n&#8211; Reposici\u00f3n de cubiertas.<br \/>\n&#8211; Cobertura de granizo.<br \/>\n&#8211; Reposici\u00f3n de cristales y cerraduras.<\/p>\n<p> \n\n    <a href=\"https:\/\/web.whatsapp.com\/send?phone=543416851852&#038;text=Solicito%20informaci\u00f3n%20sobre...\" class=\"wws-shortcode-btn\" target=\"_blank\" style=\"font-family: inherit; font-weight: inherit; background-color: #33338b; display: inline-block; color: #fff;\">\n    <i class=\"wc-fa wc-fa-whatsapp wws-shortcode-btn__icon\"><\/i> Atenci\u00f3n de Siniestros - Clic Aqu\u00ed    <\/a>\n\n    [\/vc_column_text][\/vc_column_inner][vc_column_inner width=\u00bb1\/2&#8243;][vc_column_text]<\/p>\n<h4>Servicio de Gestor\u00eda<\/h4>\n<p>El \u00e1rea de Gestor\u00eda de nuestra empresa le ofrece un servicio personalizado, realizando esta actividad con eficacia y conocimiento sobre los tramites a resolver, sumado a la \u00e9tica, responsabilidad y profesionalismo, pilares fundamentales que nos caracterizan en nuestro servicio.<br \/>\nOfrecemos los servicios de gestar\u00eda de su necesidad a costos accesibles y a su alcance.<br \/>\nNuestros servicios est\u00e1n orientados a ofrecerle soluciones particulares, comerciales y empresariales.<\/p>\n<p>Inscripciones de autos y motos 0KM \u2013 Transferencias de usados \u2013 Denuncias de venta y compra \u2013 Duplicados de t\u00edtulo, cedula de conducir, obtenci\u00f3n de cedula azul \u2013 Informes de dominio \u2013 Cambio de uso, de domicilio \u2013 Inscripci\u00f3n de prenda \u2013 Altas y bajas de motor, autos, motos ante el registro y rentas (patentes) \u2013 Libre deudas de patentes, inscripci\u00f3n a moratorias, saldo de deudas \u2013 Libre deudas y saldo infracciones.[\/vc_column_text][\/vc_column_inner][\/vc_row_inner][\/vc_column][\/vc_row]<\/p>\n","protected":false},"excerpt":{"rendered":"<p>[vc_row css=\u00bb.vc_custom_1626320241779{padding-bottom: 50px !important;}\u00bb][vc_column][vc_row_inner css=\u00bb.vc_custom_1626319895531{padding-bottom: 32px !important;}\u00bb][vc_column_inner][vc_single_image image=\u00bb5002&#8243; img_size=\u00bbfull\u00bb alignment=\u00bbcenter\u00bb style=\u00bbvc_box_rounded\u00bb][\/vc_column_inner][\/vc_row_inner][vc_row_inner css=\u00bb.vc_custom_1626319905025{padding-bottom: 32px !important;}\u00bb][vc_column_inner width=\u00bb1\/2&#8243;][vc_column_text] Asesor\u00eda en Seguros Usted obtendr\u00e1 el mejor asesoramiento en materia de Seguro Automotor. Podr\u00e1 elegir entre diferentes cotizaciones y obtener la mejor relaci\u00f3n posible entre Calidad y Precio. Nuestros seguros automotores es la mejor forma de sentirse cubierto ante cualquier&#8230;<\/p>\n","protected":false},"author":2,"featured_media":0,"parent":0,"menu_order":0,"comment_status":"closed","ping_status":"closed","template":"","meta":{"footnotes":""},"class_list":["post-4988","page","type-page","status-publish","hentry"],"_links":{"self":[{"href":"https:\/\/carlosruzzo.com.ar\/site\/wp-json\/wp\/v2\/pages\/4988","targetHints":{"allow":["GET"]}}],"collection":[{"href":"https:\/\/carlosruzzo.com.ar\/site\/wp-json\/wp\/v2\/pages"}],"about":[{"href":"https:\/\/carlosruzzo.com.ar\/site\/wp-json\/wp\/v2\/types\/page"}],"author":[{"embeddable":true,"href":"https:\/\/carlosruzzo.com.ar\/site\/wp-json\/wp\/v2\/users\/2"}],"replies":[{"embeddable":true,"href":"https:\/\/carlosruzzo.com.ar\/site\/wp-json\/wp\/v2\/comments?post=4988"}],"version-history":[{"count":3,"href":"https:\/\/carlosruzzo.com.ar\/site\/wp-json\/wp\/v2\/pages\/4988\/revisions"}],"predecessor-version":[{"id":6844,"href":"https:\/\/carlosruzzo.com.ar\/site\/wp-json\/wp\/v2\/pages\/4988\/revisions\/6844"}],"wp:attachment":[{"href":"https:\/\/carlosruzzo.com.ar\/site\/wp-json\/wp\/v2\/media?parent=4988"}],"curies":[{"name":"wp","href":"https:\/\/api.w.org\/{rel}","templated":true}]}}